{"id":9,"date":"2020-10-03T14:50:49","date_gmt":"2020-10-03T14:50:49","guid":{"rendered":"http:\/\/demo.athemes.com\/sp-plumber\/?page_id=9"},"modified":"2025-03-07T11:42:00","modified_gmt":"2025-03-07T11:42:00","slug":"hakkimizda","status":"publish","type":"page","link":"https:\/\/timpaltd.com.tr\/en\/hakkimizda\/","title":{"rendered":"About Us"},"content":{"rendered":"<div data-elementor-type=\"wp-page\" data-elementor-id=\"9\" class=\"elementor elementor-9\">\n\t\t\t\t\t\t<section class=\"elementor-section elementor-top-section elementor-element elementor-element-b949b44 elementor-section-boxed elementor-section-height-default elementor-section-height-default\" data-id=\"b949b44\" data-element_type=\"section\" data-settings=\"{&quot;background_background&quot;:&quot;classic&quot;}\">\n\t\t\t\t\t\t\t<div class=\"elementor-background-overlay\"><\/div>\n\t\t\t\t\t\t\t<div class=\"elementor-container elementor-column-gap-default\">\n\t\t\t\t\t<div class=\"elementor-column elementor-col-100 elementor-top-column elementor-element elementor-element-8ce5b6f\" data-id=\"8ce5b6f\" data-element_type=\"column\">\n\t\t\t<div class=\"elementor-widget-wrap elementor-element-populated\">\n\t\t\t\t\t\t<div class=\"elementor-element elementor-element-29b1faa elementor-widget elementor-widget-heading\" data-id=\"29b1faa\" data-element_type=\"widget\" data-widget_type=\"heading.default\">\n\t\t\t\t<div class=\"elementor-widget-container\">\n\t\t\t\t\t<h2 class=\"elementor-heading-title elementor-size-default\">About Us<\/h2>\t\t\t\t<\/div>\n\t\t\t\t<\/div>\n\t\t\t\t\t<\/div>\n\t\t<\/div>\n\t\t\t\t\t<\/div>\n\t\t<\/section>\n\t\t\t\t<section class=\"elementor-section elementor-top-section elementor-element elementor-element-98a6b8a elementor-section-boxed elementor-section-height-default elementor-section-height-default\" data-id=\"98a6b8a\" data-element_type=\"section\">\n\t\t\t\t\t\t<div class=\"elementor-container elementor-column-gap-default\">\n\t\t\t\t\t<div class=\"elementor-column elementor-col-100 elementor-top-column elementor-element elementor-element-dd49303\" data-id=\"dd49303\" data-element_type=\"column\">\n\t\t\t<div class=\"elementor-widget-wrap elementor-element-populated\">\n\t\t\t\t\t\t<div class=\"elementor-element elementor-element-c837ed3 elementor-widget elementor-widget-text-editor\" data-id=\"c837ed3\" data-element_type=\"widget\" data-widget_type=\"text-editor.default\">\n\t\t\t\t<div class=\"elementor-widget-container\">\n\t\t\t\t\t\t\t\t\t<p>Timpa Limited has been providing high-quality and hygienic disposable products to the beauty and personal care industry since its establishment in 1994. As of 2025, the company is transitioning to a new partnership structure, aiming to offer a wider product range and higher-quality services to its customers.<\/p>\n<p><u>Innovations Brought by the New Partnership Structure<\/u><\/p>\n<p><b>Increase in Product Variety:<\/b> The new partnership structure will enable Timpa Limited to expand its product range. More diverse and innovative products will be offered in the fields of barber and hairdresser supplies, beauty salon equipment, and other disposable consumables.<br><b>Raising Quality Standards:<\/b> With its new partnership structure, Timpa Limited aims to further elevate quality standards. The highest quality standards will be maintained at every stage, from the materials used in production to product design.<br><b>Customer-Oriented Approach:<\/b> Timpa Limited prioritizes customer satisfaction above all else. With the new partnership structure, faster and more personalized services will be provided to customers. Products and services will be continuously improved based on customer feedback.<br><b>Emphasis on R&amp;D Activities:<\/b> Timpa Limited aims to offer its customers products manufactured with the latest technology by keeping up with industry innovations. With the new partnership structure, more resources will be allocated to R&amp;D activities, focusing on the development of innovative and eco-friendly products.<br><b>Growth in the International Market:<\/b> With its new partnership structure, Timpa Limited aims to expand in the international market. With high-quality products and a customer-oriented approach, Timpa Limited will continue its journey toward becoming a globally recognized brand.<\/p>\n<p><u>Timpa Limited\u2019s 2025 Goals<\/u><\/p>\n<p><b>Industry Leadership:<\/b> To become Turkey\u2019s leading brand in the disposable products industry.<br><b>Customer Satisfaction:<\/b> To achieve 100% customer satisfaction by providing the best products and services.<br><b>Innovation:<\/b> To be a pioneer in the industry by continuously developing new products.<br><b>International Success:<\/b> To become a globally recognized and preferred brand.<\/p>\n<p>As of 2025, Timpa Limited will continue its journey stronger than ever. By offering higher quality, more diverse, and innovative products to its customers, it will reinforce its leading position in the industry.<\/p>\t\t\t\t\t\t\t\t<\/div>\n\t\t\t\t<\/div>\n\t\t\t\t\t<\/div>\n\t\t<\/div>\n\t\t\t\t\t<\/div>\n\t\t<\/section>\n\t\t\t\t<section class=\"elementor-section elementor-top-section elementor-element elementor-element-e3ee0e1 elementor-section-boxed elementor-section-height-default elementor-section-height-default\" data-id=\"e3ee0e1\" data-element_type=\"section\" data-settings=\"{&quot;background_background&quot;:&quot;classic&quot;}\">\n\t\t\t\t\t\t<div class=\"elementor-container elementor-column-gap-wide\">\n\t\t\t\t\t<div class=\"elementor-column elementor-col-33 elementor-top-column elementor-element elementor-element-4ce0d49\" data-id=\"4ce0d49\" data-element_type=\"column\">\n\t\t\t<div class=\"elementor-widget-wrap elementor-element-populated\">\n\t\t\t\t\t\t<div class=\"elementor-element elementor-element-9b4b626 elementor-widget elementor-widget-heading\" data-id=\"9b4b626\" data-element_type=\"widget\" data-widget_type=\"heading.default\">\n\t\t\t\t<div class=\"elementor-widget-container\">\n\t\t\t\t\t<h2 class=\"elementor-heading-title elementor-size-default\">Timpa,<\/h2>\t\t\t\t<\/div>\n\t\t\t\t<\/div>\n\t\t\t\t<div class=\"elementor-element elementor-element-5b37b31 elementor-widget elementor-widget-text-editor\" data-id=\"5b37b31\" data-element_type=\"widget\" data-widget_type=\"text-editor.default\">\n\t\t\t\t<div class=\"elementor-widget-container\">\n\t\t\t\t\t\t\t\t\t<p>In 2025\u00a0<strong>With Our Renewed Partnership Structure<\/strong>, to our customers\u00a0<strong>a wider product range and higher-quality service<\/strong> we aim to offer.<\/p><div class=\"elementor-element elementor-element-2452a1a2 e-flex e-con-boxed e-con e-parent e-lazyloaded\" data-id=\"2452a1a2\" data-element_type=\"container\" data-settings=\"{&quot;background_background&quot;:&quot;classic&quot;}\"><div class=\"e-con-inner\"><div class=\"elementor-element elementor-element-65973d9c e-con-full e-flex e-con e-child\" data-id=\"65973d9c\" data-element_type=\"container\"><div class=\"elementor-element elementor-element-b0c6f60 elementor-widget elementor-widget-heading\" data-id=\"b0c6f60\" data-element_type=\"widget\" data-widget_type=\"heading.default\"><div class=\"elementor-widget-container\">\u00a0<\/div><\/div><\/div><\/div><\/div>\t\t\t\t\t\t\t\t<\/div>\n\t\t\t\t<\/div>\n\t\t\t\t<div class=\"elementor-element elementor-element-cfdfd01 elementor-shape-circle e-grid-align-left e-grid-align-tablet-center elementor-grid-0 elementor-widget elementor-widget-social-icons\" data-id=\"cfdfd01\" data-element_type=\"widget\" data-widget_type=\"social-icons.default\">\n\t\t\t\t<div class=\"elementor-widget-container\">\n\t\t\t\t\t\t\t<div class=\"elementor-social-icons-wrapper elementor-grid\" role=\"list\">\n\t\t\t\t\t\t\t<span class=\"elementor-grid-item\" role=\"listitem\">\n\t\t\t\t\t<a class=\"elementor-icon elementor-social-icon elementor-social-icon-facebook elementor-repeater-item-5536674\" href=\"https:\/\/www.facebook.com\/timpaltd\" target=\"_blank\">\n\t\t\t\t\t\t<span class=\"elementor-screen-only\">Facebook<\/span>\n\t\t\t\t\t\t<svg aria-hidden=\"true\" class=\"e-font-icon-svg e-fab-facebook\" viewbox=\"0 0 512 512\" xmlns=\"http:\/\/www.w3.org\/2000\/svg\"><path d=\"M504 256C504 119 393 8 256 8S8 119 8 256c0 123.78 90.69 226.38 209.25 245V327.69h-63V256h63v-54.64c0-62.15 37-96.48 93.67-96.48 27.14 0 55.52 4.84 55.52 4.84v61h-31.28c-30.8 0-40.41 19.12-40.41 38.73V256h68.78l-11 71.69h-57.78V501C413.31 482.38 504 379.78 504 256z\"><\/path><\/svg>\t\t\t\t\t<\/a>\n\t\t\t\t<\/span>\n\t\t\t\t\t\t\t<span class=\"elementor-grid-item\" role=\"listitem\">\n\t\t\t\t\t<a class=\"elementor-icon elementor-social-icon elementor-social-icon-instagram elementor-repeater-item-d613c1b\" href=\"https:\/\/www.instagram.com\/timpaltd\/\" target=\"_blank\">\n\t\t\t\t\t\t<span class=\"elementor-screen-only\">Instagram<\/span>\n\t\t\t\t\t\t<svg aria-hidden=\"true\" class=\"e-font-icon-svg e-fab-instagram\" viewbox=\"0 0 448 512\" xmlns=\"http:\/\/www.w3.org\/2000\/svg\"><path d=\"M224.1 141c-63.6 0-114.9 51.3-114.9 114.9s51.3 114.9 114.9 114.9S339 319.5 339 255.9 287.7 141 224.1 141zm0 189.6c-41.1 0-74.7-33.5-74.7-74.7s33.5-74.7 74.7-74.7 74.7 33.5 74.7 74.7-33.6 74.7-74.7 74.7zm146.4-194.3c0 14.9-12 26.8-26.8 26.8-14.9 0-26.8-12-26.8-26.8s12-26.8 26.8-26.8 26.8 12 26.8 26.8zm76.1 27.2c-1.7-35.9-9.9-67.7-36.2-93.9-26.2-26.2-58-34.4-93.9-36.2-37-2.1-147.9-2.1-184.9 0-35.8 1.7-67.6 9.9-93.9 36.1s-34.4 58-36.2 93.9c-2.1 37-2.1 147.9 0 184.9 1.7 35.9 9.9 67.7 36.2 93.9s58 34.4 93.9 36.2c37 2.1 147.9 2.1 184.9 0 35.9-1.7 67.7-9.9 93.9-36.2 26.2-26.2 34.4-58 36.2-93.9 2.1-37 2.1-147.8 0-184.8zM398.8 388c-7.8 19.6-22.9 34.7-42.6 42.6-29.5 11.7-99.5 9-132.1 9s-102.7 2.6-132.1-9c-19.6-7.8-34.7-22.9-42.6-42.6-11.7-29.5-9-99.5-9-132.1s-2.6-102.7 9-132.1c7.8-19.6 22.9-34.7 42.6-42.6 29.5-11.7 99.5-9 132.1-9s102.7-2.6 132.1 9c19.6 7.8 34.7 22.9 42.6 42.6 11.7 29.5 9 99.5 9 132.1s2.7 102.7-9 132.1z\"><\/path><\/svg>\t\t\t\t\t<\/a>\n\t\t\t\t<\/span>\n\t\t\t\t\t\t\t<span class=\"elementor-grid-item\" role=\"listitem\">\n\t\t\t\t\t<a class=\"elementor-icon elementor-social-icon elementor-social-icon-linkedin elementor-repeater-item-dd34967\" href=\"https:\/\/www.linkedin.com\/company\/timpa-ltd\/\" target=\"_blank\">\n\t\t\t\t\t\t<span class=\"elementor-screen-only\">Linkedin<\/span>\n\t\t\t\t\t\t<svg aria-hidden=\"true\" class=\"e-font-icon-svg e-fab-linkedin\" viewbox=\"0 0 448 512\" xmlns=\"http:\/\/www.w3.org\/2000\/svg\"><path d=\"M416 32H31.9C14.3 32 0 46.5 0 64.3v383.4C0 465.5 14.3 480 31.9 480H416c17.6 0 32-14.5 32-32.3V64.3c0-17.8-14.4-32.3-32-32.3zM135.4 416H69V202.2h66.5V416zm-33.2-243c-21.3 0-38.5-17.3-38.5-38.5S80.9 96 102.2 96c21.2 0 38.5 17.3 38.5 38.5 0 21.3-17.2 38.5-38.5 38.5zm282.1 243h-66.4V312c0-24.8-.5-56.7-34.5-56.7-34.6 0-39.9 27-39.9 54.9V416h-66.4V202.2h63.7v29.2h.9c8.9-16.8 30.6-34.5 62.9-34.5 67.2 0 79.7 44.3 79.7 101.9V416z\"><\/path><\/svg>\t\t\t\t\t<\/a>\n\t\t\t\t<\/span>\n\t\t\t\t\t<\/div>\n\t\t\t\t\t\t<\/div>\n\t\t\t\t<\/div>\n\t\t\t\t\t<\/div>\n\t\t<\/div>\n\t\t\t\t<div class=\"elementor-column elementor-col-33 elementor-top-column elementor-element elementor-element-afdc4c7\" data-id=\"afdc4c7\" data-element_type=\"column\">\n\t\t\t<div class=\"elementor-widget-wrap elementor-element-populated\">\n\t\t\t\t\t\t<div class=\"elementor-element elementor-element-dfcf717 elementor-widget elementor-widget-heading\" data-id=\"dfcf717\" data-element_type=\"widget\" data-widget_type=\"heading.default\">\n\t\t\t\t<div class=\"elementor-widget-container\">\n\t\t\t\t\t<h2 class=\"elementor-heading-title elementor-size-default\">Corporate<\/h2>\t\t\t\t<\/div>\n\t\t\t\t<\/div>\n\t\t\t\t<div class=\"elementor-element elementor-element-099ddef elementor-widget elementor-widget-text-editor\" data-id=\"099ddef\" data-element_type=\"widget\" data-widget_type=\"text-editor.default\">\n\t\t\t\t<div class=\"elementor-widget-container\">\n\t\t\t\t\t\t\t\t\t<p><a href=\"https:\/\/timpaltd.com.tr\/en\/hakkimizda\/\">About Us<\/a><br \/><a href=\"https:\/\/timpaltd.com.tr\/en\/tarihce\/\">Our History<\/a><br \/><a href=\"https:\/\/timpaltd.com.tr\/en\/uretim\/\">Production<\/a><br \/><a href=\"https:\/\/timpaltd.com.tr\/en\/iletisim\/\">Contact<\/a><\/p>\t\t\t\t\t\t\t\t<\/div>\n\t\t\t\t<\/div>\n\t\t\t\t\t<\/div>\n\t\t<\/div>\n\t\t\t\t<div class=\"elementor-column elementor-col-33 elementor-top-column elementor-element elementor-element-e683106\" data-id=\"e683106\" data-element_type=\"column\">\n\t\t\t<div class=\"elementor-widget-wrap elementor-element-populated\">\n\t\t\t\t\t\t<div class=\"elementor-element elementor-element-72331d3 elementor-widget elementor-widget-heading\" data-id=\"72331d3\" data-element_type=\"widget\" data-widget_type=\"heading.default\">\n\t\t\t\t<div class=\"elementor-widget-container\">\n\t\t\t\t\t<h2 class=\"elementor-heading-title elementor-size-default\">Product Groups<\/h2>\t\t\t\t<\/div>\n\t\t\t\t<\/div>\n\t\t\t\t<div class=\"elementor-element elementor-element-4e56d3b elementor-widget elementor-widget-text-editor\" data-id=\"4e56d3b\" data-element_type=\"widget\" data-widget_type=\"text-editor.default\">\n\t\t\t\t<div class=\"elementor-widget-container\">\n\t\t\t\t\t\t\t\t\t<p><a href=\"https:\/\/timpaltd.com.tr\/en\/kuafor-salon\/\">Hairdresser and Barber<\/a><br \/><a href=\"https:\/\/timpaltd.com.tr\/en\/manikur-pedikur\/\">Manicure &amp; Pedicure<\/a><br \/><a href=\"https:\/\/timpaltd.com.tr\/en\/boyun-bantlari\/\">Neck Bands<\/a><br \/><a href=\"https:\/\/timpaltd.com.tr\/en\/epilasyon-malzemeleri\/\">Skin Care and Epilation<\/a><br \/><a href=\"https:\/\/timpaltd.com.tr\/en\/medikal-ve-dental-urunleri\/\">Medical &amp; Dental<\/a><br \/><a href=\"https:\/\/timpaltd.com.tr\/en\/spa-ve-gym-urunleri\/\">Spa ve GYM<\/a><\/p>\t\t\t\t\t\t\t\t<\/div>\n\t\t\t\t<\/div>\n\t\t\t\t\t<\/div>\n\t\t<\/div>\n\t\t\t\t\t<\/div>\n\t\t<\/section>\n\t\t\t\t<\/div>","protected":false},"excerpt":{"rendered":"<p>Hakk\u0131m\u0131zda Timpa Limited, 1994 y\u0131l\u0131ndaki kurulu\u015fundan bu yana g\u00fczellik ve ki\u015fisel bak\u0131m sekt\u00f6r\u00fcne kaliteli ve hijyenik tek kullan\u0131ml\u0131k \u00fcr\u00fcnler sunmaktad\u0131r. 2025 y\u0131l\u0131 itibar\u0131yla yeni bir [&hellip;]<\/p>","protected":false},"author":1,"featured_media":0,"parent":0,"menu_order":0,"comment_status":"closed","ping_status":"closed","template":"page-templates\/page_front-page.php","meta":{"footnotes":""},"class_list":["post-9","page","type-page","status-publish","hentry"],"_links":{"self":[{"href":"https:\/\/timpaltd.com.tr\/en\/wp-json\/wp\/v2\/pages\/9","targetHints":{"allow":["GET"]}}],"collection":[{"href":"https:\/\/timpaltd.com.tr\/en\/wp-json\/wp\/v2\/pages"}],"about":[{"href":"https:\/\/timpaltd.com.tr\/en\/wp-json\/wp\/v2\/types\/page"}],"author":[{"embeddable":true,"href":"https:\/\/timpaltd.com.tr\/en\/wp-json\/wp\/v2\/users\/1"}],"replies":[{"embeddable":true,"href":"https:\/\/timpaltd.com.tr\/en\/wp-json\/wp\/v2\/comments?post=9"}],"version-history":[{"count":23,"href":"https:\/\/timpaltd.com.tr\/en\/wp-json\/wp\/v2\/pages\/9\/revisions"}],"predecessor-version":[{"id":1181,"href":"https:\/\/timpaltd.com.tr\/en\/wp-json\/wp\/v2\/pages\/9\/revisions\/1181"}],"wp:attachment":[{"href":"https:\/\/timpaltd.com.tr\/en\/wp-json\/wp\/v2\/media?parent=9"}],"curies":[{"name":"wp","href":"https:\/\/api.w.org\/{rel}","templated":true}]}}