{"id":896,"date":"2025-02-19T20:21:52","date_gmt":"2025-02-19T20:21:52","guid":{"rendered":"https:\/\/timpaltd.com.tr\/?page_id=896"},"modified":"2025-03-07T11:42:32","modified_gmt":"2025-03-07T11:42:32","slug":"medikal-ve-dental-urunleri","status":"publish","type":"page","link":"https:\/\/timpaltd.com.tr\/en\/medikal-ve-dental-urunleri\/","title":{"rendered":"Medical &amp; Dental Products"},"content":{"rendered":"<div data-elementor-type=\"wp-page\" data-elementor-id=\"896\" class=\"elementor elementor-896\">\n\t\t\t\t\t\t<section class=\"elementor-section elementor-top-section elementor-element elementor-element-23cd4e2f elementor-section-full_width elementor-section-height-min-height elementor-section-height-default elementor-section-items-middle\" data-id=\"23cd4e2f\" data-element_type=\"section\" data-settings=\"{&quot;background_background&quot;:&quot;classic&quot;}\">\n\t\t\t\t\t\t\t<div class=\"elementor-background-overlay\"><\/div>\n\t\t\t\t\t\t\t<div class=\"elementor-container elementor-column-gap-default\">\n\t\t\t\t\t<div class=\"elementor-column elementor-col-50 elementor-top-column elementor-element elementor-element-38912cc2\" data-id=\"38912cc2\" data-element_type=\"column\">\n\t\t\t<div class=\"elementor-widget-wrap\">\n\t\t\t\t\t\t\t<\/div>\n\t\t<\/div>\n\t\t\t\t<div class=\"elementor-column elementor-col-50 elementor-top-column elementor-element elementor-element-2eb15eca\" data-id=\"2eb15eca\" data-element_type=\"column\">\n\t\t\t<div class=\"elementor-widget-wrap\">\n\t\t\t\t\t\t\t<\/div>\n\t\t<\/div>\n\t\t\t\t\t<\/div>\n\t\t<\/section>\n\t\t\t\t<section class=\"elementor-section elementor-top-section elementor-element elementor-element-7bf7e74 elementor-section-boxed elementor-section-height-default elementor-section-height-default\" data-id=\"7bf7e74\" data-element_type=\"section\">\n\t\t\t\t\t\t<div class=\"elementor-container elementor-column-gap-default\">\n\t\t\t\t\t<div class=\"elementor-column elementor-col-100 elementor-top-column elementor-element elementor-element-5c1f91f\" data-id=\"5c1f91f\" data-element_type=\"column\">\n\t\t\t<div class=\"elementor-widget-wrap elementor-element-populated\">\n\t\t\t\t\t\t<div class=\"elementor-element elementor-element-6a44715 elementor-widget elementor-widget-icon-box\" data-id=\"6a44715\" data-element_type=\"widget\" data-widget_type=\"icon-box.default\">\n\t\t\t\t<div class=\"elementor-widget-container\">\n\t\t\t\t\t\t\t<div class=\"elementor-icon-box-wrapper\">\n\n\t\t\t\n\t\t\t\t\t\t<div class=\"elementor-icon-box-content\">\n\n\t\t\t\t\t\t\t\t\t<h3 class=\"elementor-icon-box-title\">\n\t\t\t\t\t\t<span  >\n\t\t\t\t\t\t\tMedical and Dental Products\t\t\t\t\t\t<\/span>\n\t\t\t\t\t<\/h3>\n\t\t\t\t\n\t\t\t\t\n\t\t\t<\/div>\n\t\t\t\n\t\t<\/div>\n\t\t\t\t\t\t<\/div>\n\t\t\t\t<\/div>\n\t\t\t\t<div class=\"elementor-element elementor-element-7bb22c6 elementor-widget elementor-widget-text-editor\" data-id=\"7bb22c6\" data-element_type=\"widget\" data-widget_type=\"text-editor.default\">\n\t\t\t\t<div class=\"elementor-widget-container\">\n\t\t\t\t\t\t\t\t\t<p class=\"p1\">Hygiene, patient safety, and the protection of healthcare professionals are of great importance in the medical and dental sectors. <span class=\"s1\"><b>Timpa,<\/b><\/span>provides high-quality <span class=\"s1\"><b>disposable medical and dental products<\/b><\/span> for hospitals, clinics, dentists, and laboratories, helping to elevate hygiene standards to the highest level. Our products ensure the protection of both patients and healthcare professionals while offering practical and comfortable use.<\/p><p class=\"p3\"><b>Our Products<\/b><b><\/b><\/p><p class=\"p4\"><span class=\"s2\"> \u2022 <\/span><b>Patient Gown with Ribbon<\/b><b><\/b><\/p><p class=\"p1\">Disposable patient gowns provide comfortable and hygienic use for patients, minimizing the risk of infection during examination and treatment processes.<\/p><p class=\"p4\"><span class=\"s2\"> \u2022 <\/span><b>Gastroenterology Gown<\/b><b><\/b><\/p><p class=\"p1\">Single-use gowns specially designed for hygienic use in gastroenterology examinations are tailored for patient comfort and healthcare worker safety.<\/p><p class=\"p4\"><span class=\"s2\"> \u2022 <\/span><b>Colonoscopy Shorts<\/b><b><\/b><\/p><p class=\"p1\">Single-use colonoscopy shorts, designed to maintain patient privacy and ensure hygienic use during procedures, are made from soft and comfortable fabric.<\/p><p class=\"p4\"><span class=\"s2\"> \u2022 <\/span><b>Coverall<\/b><b><\/b><\/p><p class=\"p1\">Disposable coveralls, used as protective clothing for healthcare workers and in laboratory environments, provide maximum protection with their liquid-proof and breathable structure.<\/p><p class=\"p4\"><span class=\"s2\"> \u2022 <\/span><b>Visitor Gown<\/b><b><\/b><\/p><p class=\"p1\">Disposable visitor gowns, which help maintain hygiene in hospitals, laboratories, and cleanroom environments, are easy to put on and take off.<\/p><p class=\"p4\"><span class=\"s2\"> \u2022 <\/span><b>Pants.<\/b><b><\/b><\/p><p class=\"p1\">Disposable pants, designed to maintain hygiene in medical and dental fields, offer a comfortable and user-friendly experience.<\/p><p class=\"p4\"><span class=\"s2\"> \u2022 <\/span><b>Dental Bib<\/b><b><\/b><\/p><p class=\"p1\">Disposable dental gowns, specially designed for dentists and clinic staff, provide a hygienic working environment for both patients and healthcare professionals.<\/p><p class=\"p4\"><span class=\"s2\"> \u2022 <\/span><b>Sleeves<\/b><b><\/b><\/p><p class=\"p1\">Disposable sleeves, providing extra hygiene for surgical procedures and laboratory environments, protect the arms from external factors.<\/p><p class=\"p4\"><span class=\"s2\"> \u2022 <\/span><b>Caps<\/b><b><\/b><\/p><p class=\"p1\">Disposable caps, ensuring hygiene in operating rooms, dental clinics, and laboratories, adapt to every user with their flexible structure.<\/p><p class=\"p3\"><b>Safe and Hygienic Healthcare Products with Timpa<\/b><b><\/b><\/p><p class=\"p1\"><span class=\"s1\"><b>At Timpa<\/b><\/span>, we offer high-quality disposable medical and dental products to maintain hygiene in the healthcare and dental sectors. <span class=\"s1\"><b>disposable medical and dental products<\/b><\/span> With their single-use feature, we ensure practicality while minimizing the risk of infection.<\/p><p class=\"p1\">You too, <span class=\"s1\"><b>Timpa,<\/b><\/span> can provide hygienic and reliable solutions that meet your healthcare standards with Timpa\u2019s assurance.<\/p>\t\t\t\t\t\t\t\t<\/div>\n\t\t\t\t<\/div>\n\t\t\t\t\t<\/div>\n\t\t<\/div>\n\t\t\t\t\t<\/div>\n\t\t<\/section>\n\t\t<div class=\"elementor-element elementor-element-34e2250 e-flex e-con-boxed e-con e-parent\" data-id=\"34e2250\" data-element_type=\"container\">\n\t\t\t\t\t<div class=\"e-con-inner\">\n\t\t\t\t<div class=\"elementor-element elementor-element-4f395e8 elementor-arrows-position-inside elementor-pagination-position-outside elementor-widget elementor-widget-image-carousel\" data-id=\"4f395e8\" data-element_type=\"widget\" data-settings=\"{&quot;navigation&quot;:&quot;both&quot;,&quot;autoplay&quot;:&quot;yes&quot;,&quot;pause_on_hover&quot;:&quot;yes&quot;,&quot;pause_on_interaction&quot;:&quot;yes&quot;,&quot;autoplay_speed&quot;:5000,&quot;infinite&quot;:&quot;yes&quot;,&quot;speed&quot;:500}\" data-widget_type=\"image-carousel.default\">\n\t\t\t\t<div class=\"elementor-widget-container\">\n\t\t\t\t\t\t\t<div class=\"elementor-image-carousel-wrapper swiper\" role=\"region\" aria-roledescription=\"carousel\" aria-label=\"Resim D\u00f6ng\u00fcs\u00fc\" dir=\"ltr\">\n\t\t\t<div class=\"elementor-image-carousel swiper-wrapper\" aria-live=\"off\">\n\t\t\t\t\t\t\t\t<div class=\"swiper-slide\" role=\"group\" aria-roledescription=\"slide\" aria-label=\"1 of 2\"><figure class=\"swiper-slide-inner\"><img decoding=\"async\" class=\"swiper-slide-image\" src=\"https:\/\/timpaltd.com.tr\/wp-content\/uploads\/2025\/02\/Naylon-Bone-550x400.jpg\" alt=\"Naylon Bone\" \/><\/figure><\/div><div class=\"swiper-slide\" role=\"group\" aria-roledescription=\"slide\" aria-label=\"2 of 2\"><figure class=\"swiper-slide-inner\"><img decoding=\"async\" class=\"swiper-slide-image\" src=\"https:\/\/timpaltd.com.tr\/wp-content\/uploads\/2025\/02\/naylon_onluk-1-500x400.jpg\" alt=\"naylon_onluk\" \/><\/figure><\/div>\t\t\t<\/div>\n\t\t\t\t\t\t\t\t\t\t\t\t<div class=\"elementor-swiper-button elementor-swiper-button-prev\" role=\"button\" tabindex=\"0\">\n\t\t\t\t\t\t<svg aria-hidden=\"true\" class=\"e-font-icon-svg e-eicon-chevron-left\" viewbox=\"0 0 1000 1000\" xmlns=\"http:\/\/www.w3.org\/2000\/svg\"><path d=\"M646 125C629 125 613 133 604 142L308 442C296 454 292 471 292 487 292 504 296 521 308 533L604 854C617 867 629 875 646 875 663 875 679 871 692 858 704 846 713 829 713 812 713 796 708 779 692 767L438 487 692 225C700 217 708 204 708 187 708 171 704 154 692 142 675 129 663 125 646 125Z\"><\/path><\/svg>\t\t\t\t\t<\/div>\n\t\t\t\t\t<div class=\"elementor-swiper-button elementor-swiper-button-next\" role=\"button\" tabindex=\"0\">\n\t\t\t\t\t\t<svg aria-hidden=\"true\" class=\"e-font-icon-svg e-eicon-chevron-right\" viewbox=\"0 0 1000 1000\" xmlns=\"http:\/\/www.w3.org\/2000\/svg\"><path d=\"M696 533C708 521 713 504 713 487 713 471 708 454 696 446L400 146C388 133 375 125 354 125 338 125 325 129 313 142 300 154 292 171 292 187 292 204 296 221 308 233L563 492 304 771C292 783 288 800 288 817 288 833 296 850 308 863 321 871 338 875 354 875 371 875 388 867 400 854L696 533Z\"><\/path><\/svg>\t\t\t\t\t<\/div>\n\t\t\t\t\n\t\t\t\t\t\t\t\t\t<div class=\"swiper-pagination\"><\/div>\n\t\t\t\t\t\t\t\t\t<\/div>\n\t\t\t\t\t\t<\/div>\n\t\t\t\t<\/div>\n\t\t\t\t\t<\/div>\n\t\t\t\t<\/div>\n\t\t\t\t<section class=\"elementor-section elementor-top-section elementor-element elementor-element-a64709f elementor-section-boxed elementor-section-height-default elementor-section-height-default\" data-id=\"a64709f\" data-element_type=\"section\" data-settings=\"{&quot;background_background&quot;:&quot;classic&quot;}\">\n\t\t\t\t\t\t<div class=\"elementor-container elementor-column-gap-wide\">\n\t\t\t\t\t<div class=\"elementor-column elementor-col-33 elementor-top-column elementor-element elementor-element-2fcb6e3\" data-id=\"2fcb6e3\" data-element_type=\"column\">\n\t\t\t<div class=\"elementor-widget-wrap elementor-element-populated\">\n\t\t\t\t\t\t<div class=\"elementor-element elementor-element-adca764 elementor-widget elementor-widget-heading\" data-id=\"adca764\" data-element_type=\"widget\" data-widget_type=\"heading.default\">\n\t\t\t\t<div class=\"elementor-widget-container\">\n\t\t\t\t\t<h2 class=\"elementor-heading-title elementor-size-default\">Timpa,<\/h2>\t\t\t\t<\/div>\n\t\t\t\t<\/div>\n\t\t\t\t<div class=\"elementor-element elementor-element-4ce94d9 elementor-widget elementor-widget-text-editor\" data-id=\"4ce94d9\" data-element_type=\"widget\" data-widget_type=\"text-editor.default\">\n\t\t\t\t<div class=\"elementor-widget-container\">\n\t\t\t\t\t\t\t\t\t<p>In 2025\u00a0<strong>With Our Renewed Partnership Structure<\/strong>, to our customers\u00a0<strong>a wider product range and higher-quality service<\/strong> we aim to offer.<\/p><div class=\"elementor-element elementor-element-2452a1a2 e-flex e-con-boxed e-con e-parent e-lazyloaded\" data-id=\"2452a1a2\" data-element_type=\"container\" data-settings=\"{&quot;background_background&quot;:&quot;classic&quot;}\"><div class=\"e-con-inner\"><div class=\"elementor-element elementor-element-65973d9c e-con-full e-flex e-con e-child\" data-id=\"65973d9c\" data-element_type=\"container\"><div class=\"elementor-element elementor-element-b0c6f60 elementor-widget elementor-widget-heading\" data-id=\"b0c6f60\" data-element_type=\"widget\" data-widget_type=\"heading.default\"><div class=\"elementor-widget-container\">\u00a0<\/div><\/div><\/div><\/div><\/div>\t\t\t\t\t\t\t\t<\/div>\n\t\t\t\t<\/div>\n\t\t\t\t<div class=\"elementor-element elementor-element-ac04b69 elementor-shape-circle e-grid-align-left e-grid-align-tablet-center elementor-grid-0 elementor-widget elementor-widget-social-icons\" data-id=\"ac04b69\" data-element_type=\"widget\" data-widget_type=\"social-icons.default\">\n\t\t\t\t<div class=\"elementor-widget-container\">\n\t\t\t\t\t\t\t<div class=\"elementor-social-icons-wrapper elementor-grid\" role=\"list\">\n\t\t\t\t\t\t\t<span class=\"elementor-grid-item\" role=\"listitem\">\n\t\t\t\t\t<a class=\"elementor-icon elementor-social-icon elementor-social-icon-facebook elementor-repeater-item-5536674\" href=\"https:\/\/www.facebook.com\/timpaltd\" target=\"_blank\">\n\t\t\t\t\t\t<span class=\"elementor-screen-only\">Facebook<\/span>\n\t\t\t\t\t\t<svg aria-hidden=\"true\" class=\"e-font-icon-svg e-fab-facebook\" viewbox=\"0 0 512 512\" xmlns=\"http:\/\/www.w3.org\/2000\/svg\"><path d=\"M504 256C504 119 393 8 256 8S8 119 8 256c0 123.78 90.69 226.38 209.25 245V327.69h-63V256h63v-54.64c0-62.15 37-96.48 93.67-96.48 27.14 0 55.52 4.84 55.52 4.84v61h-31.28c-30.8 0-40.41 19.12-40.41 38.73V256h68.78l-11 71.69h-57.78V501C413.31 482.38 504 379.78 504 256z\"><\/path><\/svg>\t\t\t\t\t<\/a>\n\t\t\t\t<\/span>\n\t\t\t\t\t\t\t<span class=\"elementor-grid-item\" role=\"listitem\">\n\t\t\t\t\t<a class=\"elementor-icon elementor-social-icon elementor-social-icon-instagram elementor-repeater-item-d613c1b\" href=\"https:\/\/www.instagram.com\/timpaltd\/\" target=\"_blank\">\n\t\t\t\t\t\t<span class=\"elementor-screen-only\">Instagram<\/span>\n\t\t\t\t\t\t<svg aria-hidden=\"true\" class=\"e-font-icon-svg e-fab-instagram\" viewbox=\"0 0 448 512\" xmlns=\"http:\/\/www.w3.org\/2000\/svg\"><path d=\"M224.1 141c-63.6 0-114.9 51.3-114.9 114.9s51.3 114.9 114.9 114.9S339 319.5 339 255.9 287.7 141 224.1 141zm0 189.6c-41.1 0-74.7-33.5-74.7-74.7s33.5-74.7 74.7-74.7 74.7 33.5 74.7 74.7-33.6 74.7-74.7 74.7zm146.4-194.3c0 14.9-12 26.8-26.8 26.8-14.9 0-26.8-12-26.8-26.8s12-26.8 26.8-26.8 26.8 12 26.8 26.8zm76.1 27.2c-1.7-35.9-9.9-67.7-36.2-93.9-26.2-26.2-58-34.4-93.9-36.2-37-2.1-147.9-2.1-184.9 0-35.8 1.7-67.6 9.9-93.9 36.1s-34.4 58-36.2 93.9c-2.1 37-2.1 147.9 0 184.9 1.7 35.9 9.9 67.7 36.2 93.9s58 34.4 93.9 36.2c37 2.1 147.9 2.1 184.9 0 35.9-1.7 67.7-9.9 93.9-36.2 26.2-26.2 34.4-58 36.2-93.9 2.1-37 2.1-147.8 0-184.8zM398.8 388c-7.8 19.6-22.9 34.7-42.6 42.6-29.5 11.7-99.5 9-132.1 9s-102.7 2.6-132.1-9c-19.6-7.8-34.7-22.9-42.6-42.6-11.7-29.5-9-99.5-9-132.1s-2.6-102.7 9-132.1c7.8-19.6 22.9-34.7 42.6-42.6 29.5-11.7 99.5-9 132.1-9s102.7-2.6 132.1 9c19.6 7.8 34.7 22.9 42.6 42.6 11.7 29.5 9 99.5 9 132.1s2.7 102.7-9 132.1z\"><\/path><\/svg>\t\t\t\t\t<\/a>\n\t\t\t\t<\/span>\n\t\t\t\t\t\t\t<span class=\"elementor-grid-item\" role=\"listitem\">\n\t\t\t\t\t<a class=\"elementor-icon elementor-social-icon elementor-social-icon-linkedin elementor-repeater-item-dd34967\" href=\"https:\/\/www.linkedin.com\/company\/timpa-ltd\/\" target=\"_blank\">\n\t\t\t\t\t\t<span class=\"elementor-screen-only\">Linkedin<\/span>\n\t\t\t\t\t\t<svg aria-hidden=\"true\" class=\"e-font-icon-svg e-fab-linkedin\" viewbox=\"0 0 448 512\" xmlns=\"http:\/\/www.w3.org\/2000\/svg\"><path d=\"M416 32H31.9C14.3 32 0 46.5 0 64.3v383.4C0 465.5 14.3 480 31.9 480H416c17.6 0 32-14.5 32-32.3V64.3c0-17.8-14.4-32.3-32-32.3zM135.4 416H69V202.2h66.5V416zm-33.2-243c-21.3 0-38.5-17.3-38.5-38.5S80.9 96 102.2 96c21.2 0 38.5 17.3 38.5 38.5 0 21.3-17.2 38.5-38.5 38.5zm282.1 243h-66.4V312c0-24.8-.5-56.7-34.5-56.7-34.6 0-39.9 27-39.9 54.9V416h-66.4V202.2h63.7v29.2h.9c8.9-16.8 30.6-34.5 62.9-34.5 67.2 0 79.7 44.3 79.7 101.9V416z\"><\/path><\/svg>\t\t\t\t\t<\/a>\n\t\t\t\t<\/span>\n\t\t\t\t\t<\/div>\n\t\t\t\t\t\t<\/div>\n\t\t\t\t<\/div>\n\t\t\t\t\t<\/div>\n\t\t<\/div>\n\t\t\t\t<div class=\"elementor-column elementor-col-33 elementor-top-column elementor-element elementor-element-eb94a21\" data-id=\"eb94a21\" data-element_type=\"column\">\n\t\t\t<div class=\"elementor-widget-wrap elementor-element-populated\">\n\t\t\t\t\t\t<div class=\"elementor-element elementor-element-512ba82 elementor-widget elementor-widget-heading\" data-id=\"512ba82\" data-element_type=\"widget\" data-widget_type=\"heading.default\">\n\t\t\t\t<div class=\"elementor-widget-container\">\n\t\t\t\t\t<h2 class=\"elementor-heading-title elementor-size-default\">Corporate<\/h2>\t\t\t\t<\/div>\n\t\t\t\t<\/div>\n\t\t\t\t<div class=\"elementor-element elementor-element-8313487 elementor-widget elementor-widget-text-editor\" data-id=\"8313487\" data-element_type=\"widget\" data-widget_type=\"text-editor.default\">\n\t\t\t\t<div class=\"elementor-widget-container\">\n\t\t\t\t\t\t\t\t\t<p><a href=\"https:\/\/timpaltd.com.tr\/en\/hakkimizda\/\">About Us<\/a><br \/><a href=\"https:\/\/timpaltd.com.tr\/en\/tarihce\/\">Our History<\/a><br \/><a href=\"https:\/\/timpaltd.com.tr\/en\/uretim\/\">Production<\/a><br \/><a href=\"https:\/\/timpaltd.com.tr\/en\/iletisim\/\">Contact<\/a><\/p>\t\t\t\t\t\t\t\t<\/div>\n\t\t\t\t<\/div>\n\t\t\t\t\t<\/div>\n\t\t<\/div>\n\t\t\t\t<div class=\"elementor-column elementor-col-33 elementor-top-column elementor-element elementor-element-99b2f89\" data-id=\"99b2f89\" data-element_type=\"column\">\n\t\t\t<div class=\"elementor-widget-wrap elementor-element-populated\">\n\t\t\t\t\t\t<div class=\"elementor-element elementor-element-7e3928c elementor-widget elementor-widget-heading\" data-id=\"7e3928c\" data-element_type=\"widget\" data-widget_type=\"heading.default\">\n\t\t\t\t<div class=\"elementor-widget-container\">\n\t\t\t\t\t<h2 class=\"elementor-heading-title elementor-size-default\">Product Groups<\/h2>\t\t\t\t<\/div>\n\t\t\t\t<\/div>\n\t\t\t\t<div class=\"elementor-element elementor-element-7157832 elementor-widget elementor-widget-text-editor\" data-id=\"7157832\" data-element_type=\"widget\" data-widget_type=\"text-editor.default\">\n\t\t\t\t<div class=\"elementor-widget-container\">\n\t\t\t\t\t\t\t\t\t<p><a href=\"https:\/\/timpaltd.com.tr\/en\/kuafor-salon\/\">Hairdresser and Barber<\/a><br \/><a href=\"https:\/\/timpaltd.com.tr\/en\/manikur-pedikur\/\">Manicure &amp; Pedicure<\/a><br \/><a href=\"https:\/\/timpaltd.com.tr\/en\/boyun-bantlari\/\">Neck Bands<\/a><br \/><a href=\"https:\/\/timpaltd.com.tr\/en\/epilasyon-malzemeleri\/\">Skin Care and Epilation<\/a><br \/><a href=\"https:\/\/timpaltd.com.tr\/en\/medikal-ve-dental-urunleri\/\">Medical &amp; Dental<\/a><br \/><a href=\"https:\/\/timpaltd.com.tr\/en\/spa-ve-gym-urunleri\/\">Spa ve GYM<\/a><\/p>\t\t\t\t\t\t\t\t<\/div>\n\t\t\t\t<\/div>\n\t\t\t\t\t<\/div>\n\t\t<\/div>\n\t\t\t\t\t<\/div>\n\t\t<\/section>\n\t\t\t\t<\/div>","protected":false},"excerpt":{"rendered":"<p>Medikal ve Dental \u00dcr\u00fcnler Sa\u011fl\u0131k ve dental sekt\u00f6rlerinde hijyen, hasta g\u00fcvenli\u011fi ve sa\u011fl\u0131k \u00e7al\u0131\u015fanlar\u0131n\u0131n korunmas\u0131 b\u00fcy\u00fck \u00f6nem ta\u015f\u0131r. Timpa, hastaneler, klinikler, di\u015f hekimleri ve laboratuvarlar [&hellip;]<\/p>","protected":false},"author":1,"featured_media":0,"parent":0,"menu_order":0,"comment_status":"closed","ping_status":"closed","template":"page-templates\/page_front-page.php","meta":{"footnotes":""},"class_list":["post-896","page","type-page","status-publish","hentry"],"_links":{"self":[{"href":"https:\/\/timpaltd.com.tr\/en\/wp-json\/wp\/v2\/pages\/896","targetHints":{"allow":["GET"]}}],"collection":[{"href":"https:\/\/timpaltd.com.tr\/en\/wp-json\/wp\/v2\/pages"}],"about":[{"href":"https:\/\/timpaltd.com.tr\/en\/wp-json\/wp\/v2\/types\/page"}],"author":[{"embeddable":true,"href":"https:\/\/timpaltd.com.tr\/en\/wp-json\/wp\/v2\/users\/1"}],"replies":[{"embeddable":true,"href":"https:\/\/timpaltd.com.tr\/en\/wp-json\/wp\/v2\/comments?post=896"}],"version-history":[{"count":20,"href":"https:\/\/timpaltd.com.tr\/en\/wp-json\/wp\/v2\/pages\/896\/revisions"}],"predecessor-version":[{"id":1190,"href":"https:\/\/timpaltd.com.tr\/en\/wp-json\/wp\/v2\/pages\/896\/revisions\/1190"}],"wp:attachment":[{"href":"https:\/\/timpaltd.com.tr\/en\/wp-json\/wp\/v2\/media?parent=896"}],"curies":[{"name":"wp","href":"https:\/\/api.w.org\/{rel}","templated":true}]}}