{"id":607,"date":"2025-02-08T14:10:07","date_gmt":"2025-02-08T14:10:07","guid":{"rendered":"http:\/\/timpaltd.com.tr\/?page_id=607"},"modified":"2025-02-08T14:35:38","modified_gmt":"2025-02-08T14:35:38","slug":"home-2","status":"publish","type":"page","link":"https:\/\/timpaltd.com.tr\/en\/home-2\/","title":{"rendered":"Timpa &#8211; Yap\u0131m A\u015famas\u0131"},"content":{"rendered":"<div data-elementor-type=\"wp-page\" data-elementor-id=\"607\" class=\"elementor elementor-607\">\n\t\t\t\t<div class=\"elementor-element elementor-element-15d2644 e-flex e-con-boxed e-con e-parent\" data-id=\"15d2644\" data-element_type=\"container\">\n\t\t\t\t\t<div class=\"e-con-inner\">\n\t\t\t\t<div class=\"elementor-element elementor-element-3ee2a27 elementor-widget elementor-widget-text-editor\" data-id=\"3ee2a27\" data-element_type=\"widget\" data-widget_type=\"text-editor.default\">\n\t\t\t\t<div class=\"elementor-widget-container\">\n\t\t\t\t\t\t\t\t\t<p><strong>T\u0130MPA H\u0130JYENIK MADDE. \u00dcRET. VE T\u0130C . LTD . ST\u0130<\/strong><br \/>ADRES: G\u00dcZELYALI MAH. AL\u0130 AYG\u00dcN \u0130S MERKEZ\u0130. ENER SOK. NO: 81\/ A &#8211; PENDIK\/ ISTANBUL<br \/>VERGI DAIRESI: TUZLA<br \/>VERGI NO: 844 00 369 14<br \/>TEL 1: +90 216 493 81 49<br \/>TEL 2: +90 216 494 31 39<br \/>MOB\u0130L: +90 532 303 73 09<br \/>MA\u0130L:\u00a0 timpaltd@timpaltd.com.tr<\/p>\t\t\t\t\t\t\t\t<\/div>\n\t\t\t\t<\/div>\n\t\t\t\t\t<\/div>\n\t\t\t\t<\/div>\n\t\t<div class=\"elementor-element elementor-element-563407b e-flex e-con-boxed e-con e-parent\" data-id=\"563407b\" data-element_type=\"container\">\n\t\t\t\t\t<div class=\"e-con-inner\">\n\t\t\t\t<div class=\"elementor-element elementor-element-ad23a8f elementor-widget elementor-widget-google_maps\" data-id=\"ad23a8f\" data-element_type=\"widget\" data-widget_type=\"google_maps.default\">\n\t\t\t\t<div class=\"elementor-widget-container\">\n\t\t\t\t\t\t\t<div class=\"elementor-custom-embed\">\n\t\t\t<iframe loading=\"lazy\"\n\t\t\t\t\tsrc=\"https:\/\/maps.google.com\/maps?q=Ali%20Ayg%C3%BCn%20%C4%B0%C5%9F%20Merkezi&#038;t=m&#038;z=10&#038;output=embed&#038;iwloc=near\"\n\t\t\t\t\ttitle=\"Ali Ayg\u00fcn \u0130\u015f Merkezi\"\n\t\t\t\t\taria-label=\"Ali Ayg\u00fcn \u0130\u015f Merkezi\"\n\t\t\t><\/iframe>\n\t\t<\/div>\n\t\t\t\t\t\t<\/div>\n\t\t\t\t<\/div>\n\t\t\t\t\t<\/div>\n\t\t\t\t<\/div>\n\t\t\t\t<\/div>","protected":false},"excerpt":{"rendered":"<p>T\u0130MPA H\u0130JYENIK MADDE. \u00dcRET. VE T\u0130C . LTD . ST\u0130ADRES: G\u00dcZELYALI MAH. AL\u0130 AYG\u00dcN \u0130S MERKEZ\u0130. ENER SOK. NO: 81\/ A &#8211; PENDIK\/ ISTANBULVERGI DAIRESI: [&hellip;]<\/p>","protected":false},"author":1,"featured_media":0,"parent":0,"menu_order":0,"comment_status":"closed","ping_status":"closed","template":"page-templates\/page_front-page.php","meta":{"footnotes":""},"class_list":["post-607","page","type-page","status-publish","hentry"],"_links":{"self":[{"href":"https:\/\/timpaltd.com.tr\/en\/wp-json\/wp\/v2\/pages\/607","targetHints":{"allow":["GET"]}}],"collection":[{"href":"https:\/\/timpaltd.com.tr\/en\/wp-json\/wp\/v2\/pages"}],"about":[{"href":"https:\/\/timpaltd.com.tr\/en\/wp-json\/wp\/v2\/types\/page"}],"author":[{"embeddable":true,"href":"https:\/\/timpaltd.com.tr\/en\/wp-json\/wp\/v2\/users\/1"}],"replies":[{"embeddable":true,"href":"https:\/\/timpaltd.com.tr\/en\/wp-json\/wp\/v2\/comments?post=607"}],"version-history":[{"count":12,"href":"https:\/\/timpaltd.com.tr\/en\/wp-json\/wp\/v2\/pages\/607\/revisions"}],"predecessor-version":[{"id":628,"href":"https:\/\/timpaltd.com.tr\/en\/wp-json\/wp\/v2\/pages\/607\/revisions\/628"}],"wp:attachment":[{"href":"https:\/\/timpaltd.com.tr\/en\/wp-json\/wp\/v2\/media?parent=607"}],"curies":[{"name":"wp","href":"https:\/\/api.w.org\/{rel}","templated":true}]}}