{"id":1096,"date":"2025-03-04T11:25:06","date_gmt":"2025-03-04T11:25:06","guid":{"rendered":"https:\/\/timpaltd.com.tr\/?page_id=1096"},"modified":"2025-04-16T20:12:52","modified_gmt":"2025-04-16T20:12:52","slug":"boyun-bantlari","status":"publish","type":"page","link":"https:\/\/timpaltd.com.tr\/en\/boyun-bantlari\/","title":{"rendered":"Neck Bands"},"content":{"rendered":"<div data-elementor-type=\"wp-page\" data-elementor-id=\"1096\" class=\"elementor elementor-1096\">\n\t\t\t\t\t\t<section class=\"elementor-section elementor-top-section elementor-element elementor-element-23cd4e2f elementor-section-full_width elementor-section-height-min-height elementor-section-height-default elementor-section-items-middle\" data-id=\"23cd4e2f\" data-element_type=\"section\" data-settings=\"{&quot;background_background&quot;:&quot;classic&quot;}\">\n\t\t\t\t\t\t\t<div class=\"elementor-background-overlay\"><\/div>\n\t\t\t\t\t\t\t<div class=\"elementor-container elementor-column-gap-default\">\n\t\t\t\t\t<div class=\"elementor-column elementor-col-50 elementor-top-column elementor-element elementor-element-38912cc2\" data-id=\"38912cc2\" data-element_type=\"column\">\n\t\t\t<div class=\"elementor-widget-wrap\">\n\t\t\t\t\t\t\t<\/div>\n\t\t<\/div>\n\t\t\t\t<div class=\"elementor-column elementor-col-50 elementor-top-column elementor-element elementor-element-2eb15eca\" data-id=\"2eb15eca\" data-element_type=\"column\">\n\t\t\t<div class=\"elementor-widget-wrap\">\n\t\t\t\t\t\t\t<\/div>\n\t\t<\/div>\n\t\t\t\t\t<\/div>\n\t\t<\/section>\n\t\t\t\t<section class=\"elementor-section elementor-top-section elementor-element elementor-element-7bf7e74 elementor-section-boxed elementor-section-height-default elementor-section-height-default\" data-id=\"7bf7e74\" data-element_type=\"section\">\n\t\t\t\t\t\t<div class=\"elementor-container elementor-column-gap-default\">\n\t\t\t\t\t<div class=\"elementor-column elementor-col-100 elementor-top-column elementor-element elementor-element-5c1f91f\" data-id=\"5c1f91f\" data-element_type=\"column\">\n\t\t\t<div class=\"elementor-widget-wrap elementor-element-populated\">\n\t\t\t\t\t\t<div class=\"elementor-element elementor-element-6a44715 elementor-widget elementor-widget-icon-box\" data-id=\"6a44715\" data-element_type=\"widget\" data-widget_type=\"icon-box.default\">\n\t\t\t\t<div class=\"elementor-widget-container\">\n\t\t\t\t\t\t\t<div class=\"elementor-icon-box-wrapper\">\n\n\t\t\t\n\t\t\t\t\t\t<div class=\"elementor-icon-box-content\">\n\n\t\t\t\t\t\t\t\t\t<h3 class=\"elementor-icon-box-title\">\n\t\t\t\t\t\t<span  >\n\t\t\t\t\t\t\tNeck Bands\t\t\t\t\t\t<\/span>\n\t\t\t\t\t<\/h3>\n\t\t\t\t\n\t\t\t\t\n\t\t\t<\/div>\n\t\t\t\n\t\t<\/div>\n\t\t\t\t\t\t<\/div>\n\t\t\t\t<\/div>\n\t\t\t\t\t<\/div>\n\t\t<\/div>\n\t\t\t\t\t<\/div>\n\t\t<\/section>\n\t\t<div class=\"elementor-element elementor-element-105d6cd e-flex e-con-boxed e-con e-parent\" data-id=\"105d6cd\" data-element_type=\"container\">\n\t\t\t\t\t<div class=\"e-con-inner\">\n\t\t\t\t<div class=\"elementor-element elementor-element-19ffd73 elementor-widget elementor-widget-image-gallery\" data-id=\"19ffd73\" data-element_type=\"widget\" data-widget_type=\"image-gallery.default\">\n\t\t\t\t<div class=\"elementor-widget-container\">\n\t\t\t\t\t\t\t<div class=\"elementor-image-gallery\">\n\t\t\t<div id='gallery-1' class='gallery galleryid-1096 gallery-columns-4 gallery-size-medium_large'><figure class='gallery-item'>\n\t\t\t<div class='gallery-icon portrait'>\n\t\t\t\t<a data-elementor-open-lightbox=\"yes\" data-elementor-lightbox-slideshow=\"19ffd73\" data-elementor-lightbox-title=\"IMG_3693\" data-e-action-hash=\"#elementor-action%3Aaction%3Dlightbox%26settings%3DeyJpZCI6MTEwMCwidXJsIjoiaHR0cHM6XC9cL3RpbXBhbHRkLmNvbS50clwvd3AtY29udGVudFwvdXBsb2Fkc1wvMjAyNVwvMDNcL0lNR18zNjkzLXNjYWxlZC5qcGciLCJzbGlkZXNob3ciOiIxOWZmZDczIn0%3D\" href='https:\/\/timpaltd.com.tr\/wp-content\/uploads\/2025\/03\/IMG_3693-scaled.jpg'><img fetchpriority=\"high\" decoding=\"async\" width=\"768\" height=\"1152\" src=\"https:\/\/timpaltd.com.tr\/wp-content\/uploads\/2025\/03\/IMG_3693-768x1152.jpg\" class=\"attachment-medium_large size-medium_large\" alt=\"\" srcset=\"https:\/\/timpaltd.com.tr\/wp-content\/uploads\/2025\/03\/IMG_3693-768x1152.jpg 768w, https:\/\/timpaltd.com.tr\/wp-content\/uploads\/2025\/03\/IMG_3693-200x300.jpg 200w, https:\/\/timpaltd.com.tr\/wp-content\/uploads\/2025\/03\/IMG_3693-683x1024.jpg 683w, https:\/\/timpaltd.com.tr\/wp-content\/uploads\/2025\/03\/IMG_3693-1024x1536.jpg 1024w, https:\/\/timpaltd.com.tr\/wp-content\/uploads\/2025\/03\/IMG_3693-1365x2048.jpg 1365w, https:\/\/timpaltd.com.tr\/wp-content\/uploads\/2025\/03\/IMG_3693-8x12.jpg 8w, https:\/\/timpaltd.com.tr\/wp-content\/uploads\/2025\/03\/IMG_3693-1000x1500.jpg 1000w, https:\/\/timpaltd.com.tr\/wp-content\/uploads\/2025\/03\/IMG_3693-230x345.jpg 230w, https:\/\/timpaltd.com.tr\/wp-content\/uploads\/2025\/03\/IMG_3693-350x525.jpg 350w, https:\/\/timpaltd.com.tr\/wp-content\/uploads\/2025\/03\/IMG_3693-480x720.jpg 480w, https:\/\/timpaltd.com.tr\/wp-content\/uploads\/2025\/03\/IMG_3693-scaled.jpg 1707w\" sizes=\"(max-width: 768px) 100vw, 768px\" \/><\/a>\n\t\t\t<\/div><\/figure><figure class='gallery-item'>\n\t\t\t<div class='gallery-icon portrait'>\n\t\t\t\t<a data-elementor-open-lightbox=\"yes\" data-elementor-lightbox-slideshow=\"19ffd73\" data-elementor-lightbox-title=\"Neck T\u0131ssue Holder\" data-e-action-hash=\"#elementor-action%3Aaction%3Dlightbox%26settings%3DeyJpZCI6MTEwMSwidXJsIjoiaHR0cHM6XC9cL3RpbXBhbHRkLmNvbS50clwvd3AtY29udGVudFwvdXBsb2Fkc1wvMjAyNVwvMDNcL05lY2stVGlzc3VlLUhvbGRlci1zY2FsZWQuanBnIiwic2xpZGVzaG93IjoiMTlmZmQ3MyJ9\" href='https:\/\/timpaltd.com.tr\/wp-content\/uploads\/2025\/03\/Neck-Tissue-Holder-scaled.jpg'><img decoding=\"async\" width=\"768\" height=\"1152\" src=\"https:\/\/timpaltd.com.tr\/wp-content\/uploads\/2025\/03\/Neck-Tissue-Holder-768x1152.jpg\" class=\"attachment-medium_large size-medium_large\" alt=\"\" srcset=\"https:\/\/timpaltd.com.tr\/wp-content\/uploads\/2025\/03\/Neck-Tissue-Holder-768x1152.jpg 768w, https:\/\/timpaltd.com.tr\/wp-content\/uploads\/2025\/03\/Neck-Tissue-Holder-200x300.jpg 200w, https:\/\/timpaltd.com.tr\/wp-content\/uploads\/2025\/03\/Neck-Tissue-Holder-683x1024.jpg 683w, https:\/\/timpaltd.com.tr\/wp-content\/uploads\/2025\/03\/Neck-Tissue-Holder-1024x1536.jpg 1024w, https:\/\/timpaltd.com.tr\/wp-content\/uploads\/2025\/03\/Neck-Tissue-Holder-1365x2048.jpg 1365w, https:\/\/timpaltd.com.tr\/wp-content\/uploads\/2025\/03\/Neck-Tissue-Holder-8x12.jpg 8w, https:\/\/timpaltd.com.tr\/wp-content\/uploads\/2025\/03\/Neck-Tissue-Holder-1000x1500.jpg 1000w, https:\/\/timpaltd.com.tr\/wp-content\/uploads\/2025\/03\/Neck-Tissue-Holder-230x345.jpg 230w, https:\/\/timpaltd.com.tr\/wp-content\/uploads\/2025\/03\/Neck-Tissue-Holder-350x525.jpg 350w, https:\/\/timpaltd.com.tr\/wp-content\/uploads\/2025\/03\/Neck-Tissue-Holder-480x720.jpg 480w, https:\/\/timpaltd.com.tr\/wp-content\/uploads\/2025\/03\/Neck-Tissue-Holder-scaled.jpg 1707w\" sizes=\"(max-width: 768px) 100vw, 768px\" \/><\/a>\n\t\t\t<\/div><\/figure><figure class='gallery-item'>\n\t\t\t<div class='gallery-icon portrait'>\n\t\t\t\t<a data-elementor-open-lightbox=\"yes\" data-elementor-lightbox-slideshow=\"19ffd73\" data-elementor-lightbox-title=\"IMG_3687\" data-e-action-hash=\"#elementor-action%3Aaction%3Dlightbox%26settings%3DeyJpZCI6MTA5OCwidXJsIjoiaHR0cHM6XC9cL3RpbXBhbHRkLmNvbS50clwvd3AtY29udGVudFwvdXBsb2Fkc1wvMjAyNVwvMDNcL0lNR18zNjg3LXNjYWxlZC5qcGciLCJzbGlkZXNob3ciOiIxOWZmZDczIn0%3D\" href='https:\/\/timpaltd.com.tr\/wp-content\/uploads\/2025\/03\/IMG_3687-scaled.jpg'><img decoding=\"async\" width=\"768\" height=\"1152\" src=\"https:\/\/timpaltd.com.tr\/wp-content\/uploads\/2025\/03\/IMG_3687-768x1152.jpg\" class=\"attachment-medium_large size-medium_large\" alt=\"\" srcset=\"https:\/\/timpaltd.com.tr\/wp-content\/uploads\/2025\/03\/IMG_3687-768x1152.jpg 768w, https:\/\/timpaltd.com.tr\/wp-content\/uploads\/2025\/03\/IMG_3687-200x300.jpg 200w, https:\/\/timpaltd.com.tr\/wp-content\/uploads\/2025\/03\/IMG_3687-683x1024.jpg 683w, https:\/\/timpaltd.com.tr\/wp-content\/uploads\/2025\/03\/IMG_3687-1024x1536.jpg 1024w, https:\/\/timpaltd.com.tr\/wp-content\/uploads\/2025\/03\/IMG_3687-1365x2048.jpg 1365w, https:\/\/timpaltd.com.tr\/wp-content\/uploads\/2025\/03\/IMG_3687-8x12.jpg 8w, https:\/\/timpaltd.com.tr\/wp-content\/uploads\/2025\/03\/IMG_3687-1000x1500.jpg 1000w, https:\/\/timpaltd.com.tr\/wp-content\/uploads\/2025\/03\/IMG_3687-230x345.jpg 230w, https:\/\/timpaltd.com.tr\/wp-content\/uploads\/2025\/03\/IMG_3687-350x525.jpg 350w, https:\/\/timpaltd.com.tr\/wp-content\/uploads\/2025\/03\/IMG_3687-480x720.jpg 480w, https:\/\/timpaltd.com.tr\/wp-content\/uploads\/2025\/03\/IMG_3687-scaled.jpg 1707w\" sizes=\"(max-width: 768px) 100vw, 768px\" \/><\/a>\n\t\t\t<\/div><\/figure><figure class='gallery-item'>\n\t\t\t<div class='gallery-icon portrait'>\n\t\t\t\t<a data-elementor-open-lightbox=\"yes\" data-elementor-lightbox-slideshow=\"19ffd73\" data-elementor-lightbox-title=\"IMG_3689\" data-e-action-hash=\"#elementor-action%3Aaction%3Dlightbox%26settings%3DeyJpZCI6MTA5OSwidXJsIjoiaHR0cHM6XC9cL3RpbXBhbHRkLmNvbS50clwvd3AtY29udGVudFwvdXBsb2Fkc1wvMjAyNVwvMDNcL0lNR18zNjg5LXNjYWxlZC5qcGciLCJzbGlkZXNob3ciOiIxOWZmZDczIn0%3D\" href='https:\/\/timpaltd.com.tr\/wp-content\/uploads\/2025\/03\/IMG_3689-scaled.jpg'><img loading=\"lazy\" decoding=\"async\" width=\"768\" height=\"1152\" src=\"https:\/\/timpaltd.com.tr\/wp-content\/uploads\/2025\/03\/IMG_3689-768x1152.jpg\" class=\"attachment-medium_large size-medium_large\" alt=\"\" srcset=\"https:\/\/timpaltd.com.tr\/wp-content\/uploads\/2025\/03\/IMG_3689-768x1152.jpg 768w, https:\/\/timpaltd.com.tr\/wp-content\/uploads\/2025\/03\/IMG_3689-200x300.jpg 200w, https:\/\/timpaltd.com.tr\/wp-content\/uploads\/2025\/03\/IMG_3689-683x1024.jpg 683w, https:\/\/timpaltd.com.tr\/wp-content\/uploads\/2025\/03\/IMG_3689-1024x1536.jpg 1024w, https:\/\/timpaltd.com.tr\/wp-content\/uploads\/2025\/03\/IMG_3689-1365x2048.jpg 1365w, https:\/\/timpaltd.com.tr\/wp-content\/uploads\/2025\/03\/IMG_3689-8x12.jpg 8w, https:\/\/timpaltd.com.tr\/wp-content\/uploads\/2025\/03\/IMG_3689-1000x1500.jpg 1000w, https:\/\/timpaltd.com.tr\/wp-content\/uploads\/2025\/03\/IMG_3689-230x345.jpg 230w, https:\/\/timpaltd.com.tr\/wp-content\/uploads\/2025\/03\/IMG_3689-350x525.jpg 350w, https:\/\/timpaltd.com.tr\/wp-content\/uploads\/2025\/03\/IMG_3689-480x720.jpg 480w, https:\/\/timpaltd.com.tr\/wp-content\/uploads\/2025\/03\/IMG_3689-scaled.jpg 1707w\" sizes=\"(max-width: 768px) 100vw, 768px\" \/><\/a>\n\t\t\t<\/div><\/figure>\n\t\t<\/div>\n\t\t<\/div>\n\t\t\t\t\t\t<\/div>\n\t\t\t\t<\/div>\n\t\t\t\t\t<\/div>\n\t\t\t\t<\/div>\n\t\t\t\t<section class=\"elementor-section elementor-top-section elementor-element elementor-element-5dc224a elementor-section-boxed elementor-section-height-default elementor-section-height-default\" data-id=\"5dc224a\" data-element_type=\"section\">\n\t\t\t\t\t\t<div class=\"elementor-container elementor-column-gap-default\">\n\t\t\t\t\t<div class=\"elementor-column elementor-col-100 elementor-top-column elementor-element elementor-element-7a3967c\" data-id=\"7a3967c\" data-element_type=\"column\">\n\t\t\t<div class=\"elementor-widget-wrap elementor-element-populated\">\n\t\t\t\t\t\t<div class=\"elementor-element elementor-element-02f7981 elementor-widget elementor-widget-text-editor\" data-id=\"02f7981\" data-element_type=\"widget\" data-widget_type=\"text-editor.default\">\n\t\t\t\t<div class=\"elementor-widget-container\">\n\t\t\t\t\t\t\t\t\tBarber Neck Strip, also known as a barber cape neck strip or simply a neck strip, is a thin paper or tissue strip placed around a client\u2019s neck before wearing a barber cape. Its primary purpose is to provide a hygienic barrier between the client\u2019s skin and the cape, ensuring a clean and comfortable experience during a haircut or grooming session.\n\nKey Features and Functions:\n<ul>\n \t<li>Hygiene: The neck strip acts as a protective layer, preventing hair clippings, oils, and other residues from coming into direct contact with the client\u2019s skin. This is especially important for maintaining cleanliness and preventing irritation or allergic reactions.<\/li>\n \t<li>Comfort: Helps create a snug fit around the neck and keeps the cape in place without being too tight or uncomfortable. This is especially beneficial for clients with sensitive skin.<\/li>\n \t<li>Absorbency: Many neck strips are made from absorbent materials that can soak up sweat or moisture, keeping the client dry and comfortable during the service.<\/li><li>Disposable: Neck strips are typically single-use and disposable, ensuring a fresh and hygienic experience for each client. This is a crucial aspect of maintaining professional hygiene standards in barbershops and salons.<\/li>\n \t<li>Ease of Use: They are easy to apply and remove, making them a convenient tool for barbers and stylists. Most neck strips come in rolls or pre-cut strips, allowing for quick and efficient application.<\/li>\n<\/ul>\nTypes of Barber Neck Strips:\n<ul>\n \t<li>Foam Neck Strips: These thicker and more durable strips provide extra absorbency and comfort. They are especially preferred for long-duration treatments.<\/li>\n \t<li>Paper Neck Strips: Slightly softer and more flexible than regular paper, these neck strips provide added comfort, especially for customers with sensitive skin.<\/li>\n \t<li>Plastic Neck Strips: Less common, these strips are made of thin plastic and are typically used in situations where extra protection against liquids (such as hair dyes or chemicals) is needed.<\/li>\n \t<li>Reusable Neck Strips: Some salons use reusable fabric neck strips that can be washed and disinfected between uses. However, they are less common as they require more maintenance.<\/li>\n<\/ul>\nHow to Use a Barber Neck Strip:\n<ul>\n \t<li>Prepare the Client: Ensure the client is seated comfortably in the barber chair.<\/li>\n \t<li>Apply the Neck Strip: Unroll or open the neck strip and gently wrap it around the client\u2019s neck, just above the collar line. Slightly overlap the ends to ensure full coverage.<\/li>\n \t<li>Secure the Cape: Place the barber cape over the neck strip, ensuring it fits snugly but not too tightly. The neck strip should stay in place, providing a clean barrier between the cape and the client\u2019s skin.<\/li>\n \t<li>Proceed with the Service: Once the neck strip and cape are in place, you can begin the haircut or grooming service.<\/li>\n \t<li>Dispose of the Neck Strip: After the service, carefully remove the cape and neck strip, then dispose of the neck strip in the trash.<\/li>\n<\/ul>\nBenefits for Barbers and Clients:\n<ul>\n \t<li>Professionalism: Using a neck strip demonstrates a commitment to hygiene and customer care, enhancing the overall professionalism of the service.<\/li>\n \t<li>Customer Satisfaction: Customers appreciate the attention to cleanliness and comfort, which can lead to repeat business and positive reviews.<\/li>\n \t<li>Skin Protection: Reduces the risk of skin irritation, especially for customers with sensitive skin or allergies.<\/li>\n<\/ul>\nIn summary, the barber neck strip is a simple yet essential tool in the grooming industry, providing both practical and hygienic benefits for barbers and their clients.\t\t\t\t\t\t\t\t<\/div>\n\t\t\t\t<\/div>\n\t\t\t\t\t<\/div>\n\t\t<\/div>\n\t\t\t\t\t<\/div>\n\t\t<\/section>\n\t\t\t\t<section class=\"elementor-section elementor-top-section elementor-element elementor-element-7ae2856 elementor-section-boxed elementor-section-height-default elementor-section-height-default\" data-id=\"7ae2856\" data-element_type=\"section\" data-settings=\"{&quot;background_background&quot;:&quot;classic&quot;}\">\n\t\t\t\t\t\t<div class=\"elementor-container elementor-column-gap-wide\">\n\t\t\t\t\t<div class=\"elementor-column elementor-col-33 elementor-top-column elementor-element elementor-element-a351da7\" data-id=\"a351da7\" data-element_type=\"column\">\n\t\t\t<div class=\"elementor-widget-wrap elementor-element-populated\">\n\t\t\t\t\t\t<div class=\"elementor-element elementor-element-1bc8d98 elementor-widget elementor-widget-heading\" data-id=\"1bc8d98\" data-element_type=\"widget\" data-widget_type=\"heading.default\">\n\t\t\t\t<div class=\"elementor-widget-container\">\n\t\t\t\t\t<h2 class=\"elementor-heading-title elementor-size-default\">Timpa,<\/h2>\t\t\t\t<\/div>\n\t\t\t\t<\/div>\n\t\t\t\t<div class=\"elementor-element elementor-element-c4ce40f elementor-widget elementor-widget-text-editor\" data-id=\"c4ce40f\" data-element_type=\"widget\" data-widget_type=\"text-editor.default\">\n\t\t\t\t<div class=\"elementor-widget-container\">\n\t\t\t\t\t\t\t\t\t<p>In 2025\u00a0<strong>With Our Renewed Partnership Structure<\/strong>, to our customers\u00a0<strong>a wider product range and higher-quality service<\/strong> we aim to offer.<\/p><div class=\"elementor-element elementor-element-2452a1a2 e-flex e-con-boxed e-con e-parent e-lazyloaded\" data-id=\"2452a1a2\" data-element_type=\"container\" data-settings=\"{&quot;background_background&quot;:&quot;classic&quot;}\"><div class=\"e-con-inner\"><div class=\"elementor-element elementor-element-65973d9c e-con-full e-flex e-con e-child\" data-id=\"65973d9c\" data-element_type=\"container\"><div class=\"elementor-element elementor-element-b0c6f60 elementor-widget elementor-widget-heading\" data-id=\"b0c6f60\" data-element_type=\"widget\" data-widget_type=\"heading.default\"><div class=\"elementor-widget-container\">\u00a0<\/div><\/div><\/div><\/div><\/div>\t\t\t\t\t\t\t\t<\/div>\n\t\t\t\t<\/div>\n\t\t\t\t<div class=\"elementor-element elementor-element-e7beb87 elementor-shape-circle e-grid-align-left e-grid-align-tablet-center elementor-grid-0 elementor-widget elementor-widget-social-icons\" data-id=\"e7beb87\" data-element_type=\"widget\" data-widget_type=\"social-icons.default\">\n\t\t\t\t<div class=\"elementor-widget-container\">\n\t\t\t\t\t\t\t<div class=\"elementor-social-icons-wrapper elementor-grid\" role=\"list\">\n\t\t\t\t\t\t\t<span class=\"elementor-grid-item\" role=\"listitem\">\n\t\t\t\t\t<a class=\"elementor-icon elementor-social-icon elementor-social-icon-facebook elementor-repeater-item-5536674\" href=\"https:\/\/www.facebook.com\/timpaltd\" target=\"_blank\">\n\t\t\t\t\t\t<span class=\"elementor-screen-only\">Facebook<\/span>\n\t\t\t\t\t\t<svg aria-hidden=\"true\" class=\"e-font-icon-svg e-fab-facebook\" viewbox=\"0 0 512 512\" xmlns=\"http:\/\/www.w3.org\/2000\/svg\"><path d=\"M504 256C504 119 393 8 256 8S8 119 8 256c0 123.78 90.69 226.38 209.25 245V327.69h-63V256h63v-54.64c0-62.15 37-96.48 93.67-96.48 27.14 0 55.52 4.84 55.52 4.84v61h-31.28c-30.8 0-40.41 19.12-40.41 38.73V256h68.78l-11 71.69h-57.78V501C413.31 482.38 504 379.78 504 256z\"><\/path><\/svg>\t\t\t\t\t<\/a>\n\t\t\t\t<\/span>\n\t\t\t\t\t\t\t<span class=\"elementor-grid-item\" role=\"listitem\">\n\t\t\t\t\t<a class=\"elementor-icon elementor-social-icon elementor-social-icon-instagram elementor-repeater-item-d613c1b\" href=\"https:\/\/www.instagram.com\/timpaltd\/\" target=\"_blank\">\n\t\t\t\t\t\t<span class=\"elementor-screen-only\">Instagram<\/span>\n\t\t\t\t\t\t<svg aria-hidden=\"true\" class=\"e-font-icon-svg e-fab-instagram\" viewbox=\"0 0 448 512\" xmlns=\"http:\/\/www.w3.org\/2000\/svg\"><path d=\"M224.1 141c-63.6 0-114.9 51.3-114.9 114.9s51.3 114.9 114.9 114.9S339 319.5 339 255.9 287.7 141 224.1 141zm0 189.6c-41.1 0-74.7-33.5-74.7-74.7s33.5-74.7 74.7-74.7 74.7 33.5 74.7 74.7-33.6 74.7-74.7 74.7zm146.4-194.3c0 14.9-12 26.8-26.8 26.8-14.9 0-26.8-12-26.8-26.8s12-26.8 26.8-26.8 26.8 12 26.8 26.8zm76.1 27.2c-1.7-35.9-9.9-67.7-36.2-93.9-26.2-26.2-58-34.4-93.9-36.2-37-2.1-147.9-2.1-184.9 0-35.8 1.7-67.6 9.9-93.9 36.1s-34.4 58-36.2 93.9c-2.1 37-2.1 147.9 0 184.9 1.7 35.9 9.9 67.7 36.2 93.9s58 34.4 93.9 36.2c37 2.1 147.9 2.1 184.9 0 35.9-1.7 67.7-9.9 93.9-36.2 26.2-26.2 34.4-58 36.2-93.9 2.1-37 2.1-147.8 0-184.8zM398.8 388c-7.8 19.6-22.9 34.7-42.6 42.6-29.5 11.7-99.5 9-132.1 9s-102.7 2.6-132.1-9c-19.6-7.8-34.7-22.9-42.6-42.6-11.7-29.5-9-99.5-9-132.1s-2.6-102.7 9-132.1c7.8-19.6 22.9-34.7 42.6-42.6 29.5-11.7 99.5-9 132.1-9s102.7-2.6 132.1 9c19.6 7.8 34.7 22.9 42.6 42.6 11.7 29.5 9 99.5 9 132.1s2.7 102.7-9 132.1z\"><\/path><\/svg>\t\t\t\t\t<\/a>\n\t\t\t\t<\/span>\n\t\t\t\t\t\t\t<span class=\"elementor-grid-item\" role=\"listitem\">\n\t\t\t\t\t<a class=\"elementor-icon elementor-social-icon elementor-social-icon-linkedin elementor-repeater-item-dd34967\" href=\"https:\/\/www.linkedin.com\/company\/timpa-ltd\/\" target=\"_blank\">\n\t\t\t\t\t\t<span class=\"elementor-screen-only\">Linkedin<\/span>\n\t\t\t\t\t\t<svg aria-hidden=\"true\" class=\"e-font-icon-svg e-fab-linkedin\" viewbox=\"0 0 448 512\" xmlns=\"http:\/\/www.w3.org\/2000\/svg\"><path d=\"M416 32H31.9C14.3 32 0 46.5 0 64.3v383.4C0 465.5 14.3 480 31.9 480H416c17.6 0 32-14.5 32-32.3V64.3c0-17.8-14.4-32.3-32-32.3zM135.4 416H69V202.2h66.5V416zm-33.2-243c-21.3 0-38.5-17.3-38.5-38.5S80.9 96 102.2 96c21.2 0 38.5 17.3 38.5 38.5 0 21.3-17.2 38.5-38.5 38.5zm282.1 243h-66.4V312c0-24.8-.5-56.7-34.5-56.7-34.6 0-39.9 27-39.9 54.9V416h-66.4V202.2h63.7v29.2h.9c8.9-16.8 30.6-34.5 62.9-34.5 67.2 0 79.7 44.3 79.7 101.9V416z\"><\/path><\/svg>\t\t\t\t\t<\/a>\n\t\t\t\t<\/span>\n\t\t\t\t\t<\/div>\n\t\t\t\t\t\t<\/div>\n\t\t\t\t<\/div>\n\t\t\t\t\t<\/div>\n\t\t<\/div>\n\t\t\t\t<div class=\"elementor-column elementor-col-33 elementor-top-column elementor-element elementor-element-d479ade\" data-id=\"d479ade\" data-element_type=\"column\">\n\t\t\t<div class=\"elementor-widget-wrap elementor-element-populated\">\n\t\t\t\t\t\t<div class=\"elementor-element elementor-element-da0b21d elementor-widget elementor-widget-heading\" data-id=\"da0b21d\" data-element_type=\"widget\" data-widget_type=\"heading.default\">\n\t\t\t\t<div class=\"elementor-widget-container\">\n\t\t\t\t\t<h2 class=\"elementor-heading-title elementor-size-default\">Corporate<\/h2>\t\t\t\t<\/div>\n\t\t\t\t<\/div>\n\t\t\t\t<div class=\"elementor-element elementor-element-7dc70ae elementor-widget elementor-widget-text-editor\" data-id=\"7dc70ae\" data-element_type=\"widget\" data-widget_type=\"text-editor.default\">\n\t\t\t\t<div class=\"elementor-widget-container\">\n\t\t\t\t\t\t\t\t\t<p><a href=\"https:\/\/timpaltd.com.tr\/en\/hakkimizda\/\">About Us<\/a><br \/><a href=\"https:\/\/timpaltd.com.tr\/en\/tarihce\/\">Our History<\/a><br \/><a href=\"https:\/\/timpaltd.com.tr\/en\/uretim\/\">Production<\/a><br \/><a href=\"https:\/\/timpaltd.com.tr\/en\/iletisim\/\">Contact<\/a><\/p>\t\t\t\t\t\t\t\t<\/div>\n\t\t\t\t<\/div>\n\t\t\t\t\t<\/div>\n\t\t<\/div>\n\t\t\t\t<div class=\"elementor-column elementor-col-33 elementor-top-column elementor-element elementor-element-ff1846b\" data-id=\"ff1846b\" data-element_type=\"column\">\n\t\t\t<div class=\"elementor-widget-wrap elementor-element-populated\">\n\t\t\t\t\t\t<div class=\"elementor-element elementor-element-6e61fbd elementor-widget elementor-widget-heading\" data-id=\"6e61fbd\" data-element_type=\"widget\" data-widget_type=\"heading.default\">\n\t\t\t\t<div class=\"elementor-widget-container\">\n\t\t\t\t\t<h2 class=\"elementor-heading-title elementor-size-default\">Product Groups<\/h2>\t\t\t\t<\/div>\n\t\t\t\t<\/div>\n\t\t\t\t<div class=\"elementor-element elementor-element-6c20f1f elementor-widget elementor-widget-text-editor\" data-id=\"6c20f1f\" data-element_type=\"widget\" data-widget_type=\"text-editor.default\">\n\t\t\t\t<div class=\"elementor-widget-container\">\n\t\t\t\t\t\t\t\t\t<p><a href=\"https:\/\/timpaltd.com.tr\/en\/kuafor-salon\/\">Hairdresser and Barber<\/a><br \/><a href=\"https:\/\/timpaltd.com.tr\/en\/manikur-pedikur\/\">Manicure &amp; Pedicure<\/a><br \/><a href=\"https:\/\/timpaltd.com.tr\/en\/boyun-bantlari\/\">Neck Bands<\/a><br \/><a href=\"https:\/\/timpaltd.com.tr\/en\/epilasyon-malzemeleri\/\">Skin Care and Epilation<\/a><br \/><a href=\"https:\/\/timpaltd.com.tr\/en\/medikal-ve-dental-urunleri\/\">Medical &amp; Dental<\/a><br \/><a href=\"https:\/\/timpaltd.com.tr\/en\/spa-ve-gym-urunleri\/\">Spa ve GYM<\/a><\/p>\t\t\t\t\t\t\t\t<\/div>\n\t\t\t\t<\/div>\n\t\t\t\t\t<\/div>\n\t\t<\/div>\n\t\t\t\t\t<\/div>\n\t\t<\/section>\n\t\t\t\t<\/div>","protected":false},"excerpt":{"rendered":"<p>Boyun Bantlar\u0131 Berber boyun band\u0131, berber pelerini boyun \u015feridi veya boyun band\u0131 olarak da bilinir, bir berber pelerini giymeden \u00f6nce bir m\u00fc\u015fterinin boynuna yerle\u015ftirilen ince [&hellip;]<\/p>","protected":false},"author":1,"featured_media":0,"parent":0,"menu_order":0,"comment_status":"closed","ping_status":"closed","template":"page-templates\/page_front-page.php","meta":{"footnotes":""},"class_list":["post-1096","page","type-page","status-publish","hentry"],"_links":{"self":[{"href":"https:\/\/timpaltd.com.tr\/en\/wp-json\/wp\/v2\/pages\/1096","targetHints":{"allow":["GET"]}}],"collection":[{"href":"https:\/\/timpaltd.com.tr\/en\/wp-json\/wp\/v2\/pages"}],"about":[{"href":"https:\/\/timpaltd.com.tr\/en\/wp-json\/wp\/v2\/types\/page"}],"author":[{"embeddable":true,"href":"https:\/\/timpaltd.com.tr\/en\/wp-json\/wp\/v2\/users\/1"}],"replies":[{"embeddable":true,"href":"https:\/\/timpaltd.com.tr\/en\/wp-json\/wp\/v2\/comments?post=1096"}],"version-history":[{"count":13,"href":"https:\/\/timpaltd.com.tr\/en\/wp-json\/wp\/v2\/pages\/1096\/revisions"}],"predecessor-version":[{"id":1237,"href":"https:\/\/timpaltd.com.tr\/en\/wp-json\/wp\/v2\/pages\/1096\/revisions\/1237"}],"wp:attachment":[{"href":"https:\/\/timpaltd.com.tr\/en\/wp-json\/wp\/v2\/media?parent=1096"}],"curies":[{"name":"wp","href":"https:\/\/api.w.org\/{rel}","templated":true}]}}